{"id":16203,"date":"2019-10-08T10:19:03","date_gmt":"2019-10-08T08:19:03","guid":{"rendered":"https:\/\/www.ak-training-camp.fr\/tarifs-et-inscriptions\/"},"modified":"2026-01-14T08:48:04","modified_gmt":"2026-01-14T07:48:04","slug":"tarifs-et-inscriptions","status":"publish","type":"page","link":"https:\/\/www.ak-training-camp.fr\/en\/tarifs-et-inscriptions\/","title":{"rendered":"Rate and Registration"},"content":{"rendered":"<p>[et_pb_section fb_built=&#8221;1&#8243; disabled_on=&#8221;on|on|on&#8221; _builder_version=&#8221;4.16&#8243; background_color=&#8221;#000000&#8243; disabled=&#8221;on&#8221; global_colors_info=&#8221;{}&#8221;][et_pb_row _builder_version=&#8221;4.16&#8243; background_size=&#8221;initial&#8221; background_position=&#8221;top_left&#8221; background_repeat=&#8221;repeat&#8221; global_colors_info=&#8221;{}&#8221;][et_pb_column type=&#8221;4_4&#8243; _builder_version=&#8221;4.16&#8243; custom_padding=&#8221;|||&#8221; global_colors_info=&#8221;{}&#8221; custom_padding__hover=&#8221;|||&#8221;][et_pb_text admin_label=&#8221;TRAINING CAMP 2018&#8243; _builder_version=&#8221;4.16&#8243; background_layout=&#8221;dark&#8221; global_colors_info=&#8221;{}&#8221;]<\/p>\n<h1 style=\"text-align: center;\"><strong>TRAINING CAMP 2019<\/strong><\/h1>\n<p>[\/et_pb_text][\/et_pb_column][\/et_pb_row][\/et_pb_section][et_pb_section fb_built=&#8221;1&#8243; disabled_on=&#8221;on|on|on&#8221; _builder_version=&#8221;4.16&#8243; disabled=&#8221;on&#8221; global_colors_info=&#8221;{}&#8221;][et_pb_row column_structure=&#8221;1_2,1_2&#8243; _builder_version=&#8221;4.16&#8243; background_size=&#8221;initial&#8221; background_position=&#8221;top_left&#8221; background_repeat=&#8221;repeat&#8221; global_colors_info=&#8221;{}&#8221;][et_pb_column type=&#8221;1_2&#8243; _builder_version=&#8221;4.16&#8243; custom_padding=&#8221;|||&#8221; global_colors_info=&#8221;{}&#8221; custom_padding__hover=&#8221;|||&#8221;][et_pb_text admin_label=&#8221;BRISSAC-QUINCE (49)&#8221; _builder_version=&#8221;4.16&#8243; text_font_size=&#8221;30px&#8221; global_colors_info=&#8221;{}&#8221;]<\/p>\n<p style=\"text-align: center;\"><strong>NANCY 54<\/strong><\/p>\n<p>[\/et_pb_text][et_pb_text admin_label=&#8221;Options&#8221; _builder_version=&#8221;4.16&#8243; global_colors_info=&#8221;{}&#8221;]<\/p>\n<h3><span style=\"color: #ff9900;\"><em>Du 24 Juillet au 2 Aout 2020<\/em><\/span><\/h3>\n<ul>\n<li><span style=\"color: #ff9900;\"><strong>Option n\u00b01= 10 jours (24\/07 au 02\/08)<\/strong><\/span><\/li>\n<li><span style=\"color: #ff9900;\"><strong>Option n\u00b02= 5 jours (24\/07 au 28\/07)<\/strong><\/span><\/li>\n<li><span style=\"color: #ff9900;\"><strong>Option n\u00b03= 5 jours (29\/07 au 02\/08)<\/strong><\/span><\/li>\n<\/ul>\n<p>[\/et_pb_text][\/et_pb_column][et_pb_column type=&#8221;1_2&#8243; _builder_version=&#8221;4.16&#8243; custom_padding=&#8221;|||&#8221; global_colors_info=&#8221;{}&#8221; custom_padding__hover=&#8221;|||&#8221;][\/et_pb_column][\/et_pb_row][\/et_pb_section][et_pb_section fb_built=&#8221;1&#8243; _builder_version=&#8221;4.16&#8243; background_color=&#8221;#ff9900&#8243; global_colors_info=&#8221;{}&#8221;][et_pb_row _builder_version=&#8221;4.16&#8243; background_size=&#8221;initial&#8221; background_position=&#8221;top_left&#8221; background_repeat=&#8221;repeat&#8221; global_colors_info=&#8221;{}&#8221;][et_pb_column type=&#8221;4_4&#8243; _builder_version=&#8221;4.16&#8243; custom_padding=&#8221;|||&#8221; global_colors_info=&#8221;{}&#8221; custom_padding__hover=&#8221;|||&#8221;][et_pb_text admin_label=&#8221;TARIFS ET INSCRIPTIONS&#8221; _builder_version=&#8221;4.23.4&#8243; background_layout=&#8221;dark&#8221; global_colors_info=&#8221;{}&#8221;]<\/p>\n<h2 style=\"text-align: center;\"><strong>RATE AND REGISTRATION<\/strong><\/h2>\n<p>[\/et_pb_text][\/et_pb_column][\/et_pb_row][\/et_pb_section][et_pb_section fb_built=&#8221;1&#8243; _builder_version=&#8221;4.16&#8243; global_colors_info=&#8221;{}&#8221;][et_pb_row _builder_version=&#8221;4.16&#8243; background_size=&#8221;initial&#8221; background_position=&#8221;top_left&#8221; background_repeat=&#8221;repeat&#8221; global_colors_info=&#8221;{}&#8221;][et_pb_column type=&#8221;4_4&#8243; _builder_version=&#8221;4.16&#8243; custom_padding=&#8221;|||&#8221; global_colors_info=&#8221;{}&#8221; custom_padding__hover=&#8221;|||&#8221;][et_pb_text admin_label=&#8221;Tarifs 2022&#8243; _builder_version=&#8221;4.23.4&#8243; hover_enabled=&#8221;0&#8243; global_colors_info=&#8221;{}&#8221; sticky_enabled=&#8221;0&#8243;]<\/p>\n<h1 style=\"text-align: center;\"><b>RATE 2026<\/b><\/h1>\n<h2><span style=\"color: #ff6600;\"><b>BOARDING : 750 euros<\/b><\/span><\/h2>\n<div class=\"QFw9Te BLojaf\">\n<div id=\"ow81\"><span style=\"font-size: 14px;\">The price includes registration for the camp, accommodation for 9 nights with full board (morning, lunch and dinner)<\/span><\/div>\n<\/div>\n<p>&nbsp;<\/p>\n<h2><span style=\"color: #ff6600;\"><b>CAMP ONLY : 630 euros<\/b><\/span><\/h2>\n<p>The price includes camp registration and lunch and dinner<\/p>\n<div class=\"caldera-grid\" id=\"caldera_form_1\" data-cf-ver=\"1.9.7\" data-cf-form-id=\"CF6915e71acd29c\"><div id=\"caldera_notices_1\" data-spinner=\"https:\/\/www.ak-training-camp.fr\/site\/wp-admin\/images\/spinner.gif\"><\/div><form data-instance=\"1\" class=\"CF6915e71acd29c caldera_forms_form cfajax-trigger\" method=\"POST\" enctype=\"multipart\/form-data\" id=\"CF6915e71acd29c_1\" data-form-id=\"CF6915e71acd29c\" aria-label=\"AK TRAINING CAMP 2026\" data-target=\"#caldera_notices_1\" data-template=\"#cfajax_CF6915e71acd29c-tmpl\" data-cfajax=\"CF6915e71acd29c\" data-load-element=\"_parent\" data-load-class=\"cf_processing\" data-post-disable=\"0\" data-action=\"cf_process_ajax_submit\" data-request=\"https:\/\/www.ak-training-camp.fr\/en\/\/cf-api\/CF6915e71acd29c\" data-hiderows=\"true\">\r\n<input type=\"hidden\" id=\"_cf_verify_CF6915e71acd29c\" name=\"_cf_verify\" value=\"d72541aa56\"  data-nonce-time=\"1777503225\" \/><input type=\"hidden\" name=\"_wp_http_referer\" value=\"\/en\/wp-json\/wp\/v2\/pages\/16203\" \/><div id=\"cf2-CF6915e71acd29c_1\"><\/div><input type=\"hidden\" name=\"_cf_frm_id\" value=\"CF6915e71acd29c\">\r\n<input type=\"hidden\" name=\"_cf_frm_ct\" value=\"1\">\r\n<input type=\"hidden\" name=\"cfajax\" value=\"CF6915e71acd29c\">\r\n<input type=\"hidden\" name=\"_cf_cr_pst\" value=\"16203\">\r\n<div class=\"hide\" style=\"display:none; overflow:hidden;height:0;width:0;\">\r\n<label>Web Site<\/label><input type=\"text\" name=\"web_site\" value=\"\" autocomplete=\"off\">\r\n<\/div><div id=\"CF6915e71acd29c_1-row-1\"  class=\"row  first_row\"><div  class=\"col-sm-4  first_col\"><div data-field-wrapper=\"fld_9181239\" class=\"form-group\" id=\"fld_9181239_1-wrap\">\r\n\t<label id=\"fld_9181239Label\" for=\"fld_9181239_1\" class=\"control-label\">AK 2026 <span aria-hidden=\"true\" role=\"presentation\" class=\"field_required\" style=\"color:#ee0000;\">*<\/span><\/label>\r\n\t<div class=\"\">\r\n\t\t<select name=\"fld_9181239\" value=\"\" data-field=\"fld_9181239\" class=\"form-control\" id=\"fld_9181239_1\"  required=\"required\"  aria-labelledby=\"fld_9181239Label\" >\n\t\t<option value=\"\"><\/option>\r\n\t\t\t\t\t<option value=\"Interne\"  data-calc-value=\"Interne\" >\n\t\t\t\t\t\tInterne\t\t\t\t\t<\/option>\n\t\t\t\t\t\t\t\t\t\t<option value=\"Externe\"  data-calc-value=\"Externe\" >\n\t\t\t\t\t\tExterne\t\t\t\t\t<\/option>\n\t\t\t\t\t\t\t<\/select>\n\t\t\t<\/div>\r\n<\/div>\r\n<div data-field-wrapper=\"fld_9970286\" class=\"form-group\" id=\"fld_9970286_1-wrap\">\r\n\t<label id=\"fld_9970286Label\" for=\"fld_9970286_1\" class=\"control-label\">Nom \/ Last name <span aria-hidden=\"true\" role=\"presentation\" class=\"field_required\" style=\"color:#ee0000;\">*<\/span><\/label>\r\n\t<div class=\"\">\r\n\t\t<input   required type=\"text\" data-field=\"fld_9970286\" class=\" form-control\" id=\"fld_9970286_1\" name=\"fld_9970286\" value=\"\" data-type=\"text\" aria-required=\"true\"   aria-labelledby=\"fld_9970286Label\" >\t\t\t<\/div>\r\n<\/div>\r\n<div data-field-wrapper=\"fld_8768091\" class=\"form-group\" id=\"fld_8768091_1-wrap\">\r\n\t<label id=\"fld_8768091Label\" for=\"fld_8768091_1\" class=\"control-label\">Pr\u00e9nom \/ First name <span aria-hidden=\"true\" role=\"presentation\" class=\"field_required\" style=\"color:#ee0000;\">*<\/span><\/label>\r\n\t<div class=\"\">\r\n\t\t<input   required type=\"text\" data-field=\"fld_8768091\" class=\" form-control\" id=\"fld_8768091_1\" name=\"fld_8768091\" value=\"\" data-type=\"text\" aria-required=\"true\"   aria-labelledby=\"fld_8768091Label\" >\t\t\t<\/div>\r\n<\/div>\r\n<div data-field-wrapper=\"fld_3578347\" class=\"form-group\" id=\"fld_3578347_1-wrap\">\r\n\t<label id=\"fld_3578347Label\" for=\"fld_3578347_1\" class=\"control-label\">Sexe <span aria-hidden=\"true\" role=\"presentation\" class=\"field_required\" style=\"color:#ee0000;\">*<\/span><\/label>\r\n\t<div class=\"\">\r\n\t\t<select name=\"fld_3578347\" value=\"\" data-field=\"fld_3578347\" class=\"form-control\" id=\"fld_3578347_1\"  required=\"required\"  aria-labelledby=\"fld_3578347Label\" >\n\t\t<option value=\"\"><\/option>\r\n\t\t\t\t\t<option value=\"Masculin \"  data-calc-value=\"Masculin \" >\n\t\t\t\t\t\tMasculin \t\t\t\t\t<\/option>\n\t\t\t\t\t\t\t\t\t\t<option value=\"Feminin\"  data-calc-value=\"Feminin\" >\n\t\t\t\t\t\tFeminin\t\t\t\t\t<\/option>\n\t\t\t\t\t\t\t<\/select>\n\t\t\t<\/div>\r\n<\/div>\r\n<\/div><div  class=\"col-sm-4 \"><\/div><div  class=\"col-sm-4  last_col\"><\/div><\/div><div id=\"CF6915e71acd29c_1-row-2\"  class=\"row \"><div  class=\"col-sm-4  first_col\"><div data-field-wrapper=\"fld_5032395\" class=\"form-group\" id=\"fld_5032395_1-wrap\">\r\n\t<label id=\"fld_5032395Label\" for=\"fld_5032395_1\" class=\"control-label\">Date de naissance \/ Birthdate <span aria-hidden=\"true\" role=\"presentation\" class=\"field_required\" style=\"color:#ee0000;\">*<\/span><\/label>\r\n\t<div class=\"\">\r\n\t\t<input   required type=\"text\" data-field=\"fld_5032395\" class=\" form-control\" id=\"fld_5032395_1\" name=\"fld_5032395\" value=\"\" data-type=\"text\" aria-required=\"true\"   aria-labelledby=\"fld_5032395Label\" >\t\t\t<\/div>\r\n<\/div>\r\n<div data-field-wrapper=\"fld_4090165\" class=\"form-group\" id=\"fld_4090165_1-wrap\">\r\n\t<label id=\"fld_4090165Label\" for=\"fld_4090165_1\" class=\"control-label\">Nationalit\u00e9 \/ Nationality <span aria-hidden=\"true\" role=\"presentation\" class=\"field_required\" style=\"color:#ee0000;\">*<\/span><\/label>\r\n\t<div class=\"\">\r\n\t\t<input   required type=\"text\" data-field=\"fld_4090165\" class=\" form-control\" id=\"fld_4090165_1\" name=\"fld_4090165\" value=\"\" data-type=\"text\" aria-required=\"true\"   aria-labelledby=\"fld_4090165Label\" >\t\t\t<\/div>\r\n<\/div>\r\n<div data-field-wrapper=\"fld_6009157\" class=\"form-group\" id=\"fld_6009157_1-wrap\">\r\n\t<label id=\"fld_6009157Label\" for=\"fld_6009157_1\" class=\"control-label\">E-mail <span aria-hidden=\"true\" role=\"presentation\" class=\"field_required\" style=\"color:#ee0000;\">*<\/span><\/label>\r\n\t<div class=\"\">\r\n\t\t<input   required type=\"email\" data-field=\"fld_6009157\" class=\" form-control\" id=\"fld_6009157_1\" name=\"fld_6009157\" value=\"\" data-type=\"email\" aria-required=\"true\"   aria-labelledby=\"fld_6009157Label\" >\t\t\t<\/div>\r\n<\/div>\r\n<div data-field-wrapper=\"fld_862070\" class=\"form-group\" id=\"fld_862070_1-wrap\">\r\n\t<label id=\"fld_862070Label\" for=\"fld_862070_1\" class=\"control-label\">T\u00e9l. \/ Phone number <span aria-hidden=\"true\" role=\"presentation\" class=\"field_required\" style=\"color:#ee0000;\">*<\/span><\/label>\r\n\t<div class=\"\">\r\n\t\t<input   required type=\"number\" data-field=\"fld_862070\" class=\" form-control\" id=\"fld_862070_1\" name=\"fld_862070\" value=\"\" data-type=\"number\" data-parsley-type=\"number\" aria-required=\"true\"   aria-labelledby=\"fld_862070Label\" >\t\t\t<\/div>\r\n<\/div>\r\n<\/div><div  class=\"col-sm-4 \"><\/div><div  class=\"col-sm-4  last_col\"><\/div><\/div><div id=\"CF6915e71acd29c_1-row-3\"  class=\"row \"><div  class=\"col-sm-4  first_col\"><div data-field-wrapper=\"fld_6241430\" class=\"form-group\" id=\"fld_6241430_1-wrap\">\r\n\t<label id=\"fld_6241430Label\" for=\"fld_6241430_1\" class=\"control-label\">Taille (cm) \/ Height (feet) <span aria-hidden=\"true\" role=\"presentation\" class=\"field_required\" style=\"color:#ee0000;\">*<\/span><\/label>\r\n\t<div class=\"\">\r\n\t\t<input   required type=\"text\" data-field=\"fld_6241430\" class=\" form-control\" id=\"fld_6241430_1\" name=\"fld_6241430\" value=\"\" data-type=\"text\" aria-required=\"true\"   aria-labelledby=\"fld_6241430Label\" >\t\t\t<\/div>\r\n<\/div>\r\n<div data-field-wrapper=\"fld_8006208\" class=\"form-group\" id=\"fld_8006208_1-wrap\">\r\n\t<label id=\"fld_8006208Label\" for=\"fld_8006208_1\" class=\"control-label\">Poids \/ Weight (lbs) <span aria-hidden=\"true\" role=\"presentation\" class=\"field_required\" style=\"color:#ee0000;\">*<\/span><\/label>\r\n\t<div class=\"\">\r\n\t\t<input   required type=\"text\" data-field=\"fld_8006208\" class=\" form-control\" id=\"fld_8006208_1\" name=\"fld_8006208\" value=\"\" data-type=\"text\" aria-required=\"true\"   aria-labelledby=\"fld_8006208Label\" >\t\t\t<\/div>\r\n<\/div>\r\n<\/div><div  class=\"col-sm-4 \"><\/div><div  class=\"col-sm-4  last_col\"><\/div><\/div><div id=\"CF6915e71acd29c_1-row-4\"  class=\"row \"><div  class=\"col-sm-6  first_col\"><div data-field-wrapper=\"fld_9131391\" class=\"form-group\" id=\"fld_9131391_1-wrap\">\r\n\t<label id=\"fld_9131391Label\" for=\"fld_9131391_1\" class=\"control-label\">Poste que vous occupez sur le terrain <span aria-hidden=\"true\" role=\"presentation\" class=\"field_required\" style=\"color:#ee0000;\">*<\/span><\/label>\r\n\t<div class=\"\">\r\n\t\t<select name=\"fld_9131391\" value=\"\" data-field=\"fld_9131391\" class=\"form-control\" id=\"fld_9131391_1\"  required=\"required\"  aria-labelledby=\"fld_9131391Label\" >\n\t\t<option value=\"\"><\/option>\r\n\t\t\t\t\t<option value=\"Meneur\"  data-calc-value=\"Meneur\" >\n\t\t\t\t\t\tMeneur\t\t\t\t\t<\/option>\n\t\t\t\t\t\t\t\t\t\t<option value=\"Arri\u00e8re \"  data-calc-value=\"Arri\u00e8re \" >\n\t\t\t\t\t\tArri\u00e8re \t\t\t\t\t<\/option>\n\t\t\t\t\t\t\t\t\t\t<option value=\"Ailier\"  data-calc-value=\"Ailier\" >\n\t\t\t\t\t\tAilier\t\t\t\t\t<\/option>\n\t\t\t\t\t\t\t\t\t\t<option value=\"Poste\/Pivot\"  data-calc-value=\"Poste\/Pivot\" >\n\t\t\t\t\t\tPoste\/Pivot\t\t\t\t\t<\/option>\n\t\t\t\t\t\t\t<\/select>\n\t\t\t<\/div>\r\n<\/div>\r\n<div data-field-wrapper=\"fld_608409\" class=\"form-group\" id=\"fld_608409_1-wrap\">\r\n\t<label id=\"fld_608409Label\" for=\"fld_608409_1\" class=\"control-label\">Club o\u00f9 vous \u00eates licenci\u00e9(e) \/ Current team<\/label>\r\n\t<div class=\"\">\r\n\t\t<input    type=\"text\" data-field=\"fld_608409\" class=\" form-control\" id=\"fld_608409_1\" name=\"fld_608409\" value=\"\" data-type=\"text\"   aria-labelledby=\"fld_608409Label\" >\t\t\t<\/div>\r\n<\/div>\r\n<div data-field-wrapper=\"fld_9524180\" class=\"form-group\" id=\"fld_9524180_1-wrap\">\r\n\t<label id=\"fld_9524180Label\" for=\"fld_9524180_1\" class=\"control-label\">Remarques<\/label>\r\n\t<div class=\"\">\r\n\t\t<input    type=\"text\" data-field=\"fld_9524180\" class=\" form-control\" id=\"fld_9524180_1\" name=\"fld_9524180\" value=\"\" data-type=\"text\"   aria-labelledby=\"fld_9524180Label\" >\t\t\t<\/div>\r\n<\/div>\r\n<\/div><div  class=\"col-sm-6  last_col\"><\/div><\/div><div id=\"CF6915e71acd29c_1-row-5\"  class=\"row  last_row\"><div  class=\"col-sm-12  single\"><div data-field-wrapper=\"fld_7908577\" class=\"form-group\" id=\"fld_7908577_1-wrap\">\r\n<div class=\"\">\r\n\t<input  class=\"btn btn-default\" type=\"submit\" name=\"fld_7908577\" id=\"fld_7908577_1\" value=\"Envoyer le message \/ Send \" data-field=\"fld_7908577\"  >\n<\/div>\r\n<\/div>\r\n\t<input class=\"button_trigger_1\" type=\"hidden\" name=\"fld_7908577\" id=\"fld_7908577_1_btn\" value=\"\" data-field=\"fld_7908577\"  \/>\n<\/div><\/div><\/form>\r\n<\/div>\r\n\n<p><a href=\"https:\/\/www.ak-training-camp.fr\/site\/wp-content\/uploads\/2025\/12\/Dossier-dinscription-AK-TRAINING-C-AMP-24-juillet-au-02-aout-2026.pdf\"><span style=\"color: #333333; font-size: 22px;\">UPLOAD REGISTRATION FORM<\/span><\/a><\/p>\n<p>&nbsp;<\/p>\n<p>&nbsp;<\/p>\n<p>[\/et_pb_text][\/et_pb_column][\/et_pb_row][\/et_pb_section][et_pb_section fb_built=&#8221;1&#8243; _builder_version=&#8221;4.16&#8243; background_image=&#8221;https:\/\/www.ak-training-camp.fr\/site\/wp-content\/uploads\/2019\/10\/aksports-camp-03.jpg&#8221; global_colors_info=&#8221;{}&#8221;][et_pb_row _builder_version=&#8221;4.16&#8243; global_colors_info=&#8221;{}&#8221;][et_pb_column type=&#8221;4_4&#8243; _builder_version=&#8221;4.16&#8243; custom_padding=&#8221;|||&#8221; global_colors_info=&#8221;{}&#8221; custom_padding__hover=&#8221;|||&#8221;][et_pb_text _builder_version=&#8221;4.23.4&#8243; background_layout=&#8221;dark&#8221; hover_enabled=&#8221;0&#8243; custom_css_main_element=&#8221; background-color: rgba(0,0,0,0.4);|| padding: 40px;&#8221; global_colors_info=&#8221;{}&#8221; sticky_enabled=&#8221;0&#8243;]<\/p>\n<h3 style=\"text-align: center;\"><strong>\u00a0SPECIAL RATE<\/strong><\/h3>\n<ul>\n<li>\n<h3>Brothers and sisters = 5% discoun<\/h3>\n<\/li>\n<\/ul>\n<h2 style=\"text-align: center;\">\u200b<\/h2>\n<p>[\/et_pb_text][\/et_pb_column][\/et_pb_row][\/et_pb_section]<\/p>\n","protected":false},"excerpt":{"rendered":"<p>TRAINING CAMP 2019 NANCY 54Du 24 Juillet au 2 Aout 2020 Option n\u00b01= 10 jours (24\/07 au 02\/08) Option n\u00b02= 5 jours (24\/07 au 28\/07) Option n\u00b03= 5 jours (29\/07 au 02\/08) RATE AND REGISTRATIONRATE 2026 BOARDING : 750 euros The price includes registration for the camp, accommodation for 9 nights with full board (morning, [&hellip;]<\/p>\n","protected":false},"author":3,"featured_media":0,"parent":0,"menu_order":0,"comment_status":"closed","ping_status":"closed","template":"","meta":{"_et_pb_use_builder":"on","_et_pb_old_content":"","_et_gb_content_width":"","_monsterinsights_skip_tracking":false,"_monsterinsights_sitenote_active":false,"_monsterinsights_sitenote_note":"","_monsterinsights_sitenote_category":0,"footnotes":""},"class_list":["post-16203","page","type-page","status-publish","hentry"],"yoast_head":"<!-- This site is optimized with the Yoast SEO plugin v26.7 - https:\/\/yoast.com\/wordpress\/plugins\/seo\/ -->\n<title>Rate and Registration - AK Training Camp<\/title>\n<meta name=\"robots\" content=\"index, follow, max-snippet:-1, max-image-preview:large, max-video-preview:-1\" \/>\n<link rel=\"canonical\" href=\"https:\/\/www.ak-training-camp.fr\/en\/tarifs-et-inscriptions\/\" \/>\n<meta property=\"og:locale\" content=\"en_US\" \/>\n<meta property=\"og:type\" content=\"article\" \/>\n<meta property=\"og:title\" content=\"Rate and Registration - AK Training Camp\" \/>\n<meta property=\"og:description\" content=\"TRAINING CAMP 2019 NANCY 54Du 24 Juillet au 2 Aout 2020 Option n\u00b01= 10 jours (24\/07 au 02\/08) Option n\u00b02= 5 jours (24\/07 au 28\/07) Option n\u00b03= 5 jours (29\/07 au 02\/08) RATE AND REGISTRATIONRATE 2026 BOARDING : 750 euros The price includes registration for the camp, accommodation for 9 nights with full board (morning, [&hellip;]\" \/>\n<meta property=\"og:url\" content=\"https:\/\/www.ak-training-camp.fr\/en\/tarifs-et-inscriptions\/\" \/>\n<meta property=\"og:site_name\" content=\"AK Training Camp\" \/>\n<meta property=\"article:modified_time\" content=\"2026-01-14T07:48:04+00:00\" \/>\n<meta name=\"twitter:card\" content=\"summary_large_image\" \/>\n<meta name=\"twitter:label1\" content=\"Est. reading time\" \/>\n\t<meta name=\"twitter:data1\" content=\"1 minute\" \/>\n<script type=\"application\/ld+json\" class=\"yoast-schema-graph\">{\"@context\":\"https:\/\/schema.org\",\"@graph\":[{\"@type\":\"WebPage\",\"@id\":\"https:\/\/www.ak-training-camp.fr\/en\/tarifs-et-inscriptions\/\",\"url\":\"https:\/\/www.ak-training-camp.fr\/en\/tarifs-et-inscriptions\/\",\"name\":\"Rate and Registration - AK Training Camp\",\"isPartOf\":{\"@id\":\"https:\/\/www.ak-training-camp.fr\/#website\"},\"datePublished\":\"2019-10-08T08:19:03+00:00\",\"dateModified\":\"2026-01-14T07:48:04+00:00\",\"breadcrumb\":{\"@id\":\"https:\/\/www.ak-training-camp.fr\/en\/tarifs-et-inscriptions\/#breadcrumb\"},\"inLanguage\":\"en-US\",\"potentialAction\":[{\"@type\":\"ReadAction\",\"target\":[\"https:\/\/www.ak-training-camp.fr\/en\/tarifs-et-inscriptions\/\"]}]},{\"@type\":\"BreadcrumbList\",\"@id\":\"https:\/\/www.ak-training-camp.fr\/en\/tarifs-et-inscriptions\/#breadcrumb\",\"itemListElement\":[{\"@type\":\"ListItem\",\"position\":1,\"name\":\"Accueil\",\"item\":\"https:\/\/www.ak-training-camp.fr\/en\/\"},{\"@type\":\"ListItem\",\"position\":2,\"name\":\"Rate and Registration\"}]},{\"@type\":\"WebSite\",\"@id\":\"https:\/\/www.ak-training-camp.fr\/#website\",\"url\":\"https:\/\/www.ak-training-camp.fr\/\",\"name\":\"AK Training Camp\",\"description\":\"Stages de Basket-Ball\",\"potentialAction\":[{\"@type\":\"SearchAction\",\"target\":{\"@type\":\"EntryPoint\",\"urlTemplate\":\"https:\/\/www.ak-training-camp.fr\/?s={search_term_string}\"},\"query-input\":{\"@type\":\"PropertyValueSpecification\",\"valueRequired\":true,\"valueName\":\"search_term_string\"}}],\"inLanguage\":\"en-US\"}]}<\/script>\n<!-- \/ Yoast SEO plugin. -->","yoast_head_json":{"title":"Rate and Registration - AK Training Camp","robots":{"index":"index","follow":"follow","max-snippet":"max-snippet:-1","max-image-preview":"max-image-preview:large","max-video-preview":"max-video-preview:-1"},"canonical":"https:\/\/www.ak-training-camp.fr\/en\/tarifs-et-inscriptions\/","og_locale":"en_US","og_type":"article","og_title":"Rate and Registration - AK Training Camp","og_description":"TRAINING CAMP 2019 NANCY 54Du 24 Juillet au 2 Aout 2020 Option n\u00b01= 10 jours (24\/07 au 02\/08) Option n\u00b02= 5 jours (24\/07 au 28\/07) Option n\u00b03= 5 jours (29\/07 au 02\/08) RATE AND REGISTRATIONRATE 2026 BOARDING : 750 euros The price includes registration for the camp, accommodation for 9 nights with full board (morning, [&hellip;]","og_url":"https:\/\/www.ak-training-camp.fr\/en\/tarifs-et-inscriptions\/","og_site_name":"AK Training Camp","article_modified_time":"2026-01-14T07:48:04+00:00","twitter_card":"summary_large_image","twitter_misc":{"Est. reading time":"1 minute"},"schema":{"@context":"https:\/\/schema.org","@graph":[{"@type":"WebPage","@id":"https:\/\/www.ak-training-camp.fr\/en\/tarifs-et-inscriptions\/","url":"https:\/\/www.ak-training-camp.fr\/en\/tarifs-et-inscriptions\/","name":"Rate and Registration - AK Training Camp","isPartOf":{"@id":"https:\/\/www.ak-training-camp.fr\/#website"},"datePublished":"2019-10-08T08:19:03+00:00","dateModified":"2026-01-14T07:48:04+00:00","breadcrumb":{"@id":"https:\/\/www.ak-training-camp.fr\/en\/tarifs-et-inscriptions\/#breadcrumb"},"inLanguage":"en-US","potentialAction":[{"@type":"ReadAction","target":["https:\/\/www.ak-training-camp.fr\/en\/tarifs-et-inscriptions\/"]}]},{"@type":"BreadcrumbList","@id":"https:\/\/www.ak-training-camp.fr\/en\/tarifs-et-inscriptions\/#breadcrumb","itemListElement":[{"@type":"ListItem","position":1,"name":"Accueil","item":"https:\/\/www.ak-training-camp.fr\/en\/"},{"@type":"ListItem","position":2,"name":"Rate and Registration"}]},{"@type":"WebSite","@id":"https:\/\/www.ak-training-camp.fr\/#website","url":"https:\/\/www.ak-training-camp.fr\/","name":"AK Training Camp","description":"Stages de Basket-Ball","potentialAction":[{"@type":"SearchAction","target":{"@type":"EntryPoint","urlTemplate":"https:\/\/www.ak-training-camp.fr\/?s={search_term_string}"},"query-input":{"@type":"PropertyValueSpecification","valueRequired":true,"valueName":"search_term_string"}}],"inLanguage":"en-US"}]}},"_links":{"self":[{"href":"https:\/\/www.ak-training-camp.fr\/en\/wp-json\/wp\/v2\/pages\/16203","targetHints":{"allow":["GET"]}}],"collection":[{"href":"https:\/\/www.ak-training-camp.fr\/en\/wp-json\/wp\/v2\/pages"}],"about":[{"href":"https:\/\/www.ak-training-camp.fr\/en\/wp-json\/wp\/v2\/types\/page"}],"author":[{"embeddable":true,"href":"https:\/\/www.ak-training-camp.fr\/en\/wp-json\/wp\/v2\/users\/3"}],"replies":[{"embeddable":true,"href":"https:\/\/www.ak-training-camp.fr\/en\/wp-json\/wp\/v2\/comments?post=16203"}],"version-history":[{"count":44,"href":"https:\/\/www.ak-training-camp.fr\/en\/wp-json\/wp\/v2\/pages\/16203\/revisions"}],"predecessor-version":[{"id":22739,"href":"https:\/\/www.ak-training-camp.fr\/en\/wp-json\/wp\/v2\/pages\/16203\/revisions\/22739"}],"wp:attachment":[{"href":"https:\/\/www.ak-training-camp.fr\/en\/wp-json\/wp\/v2\/media?parent=16203"}],"curies":[{"name":"wp","href":"https:\/\/api.w.org\/{rel}","templated":true}]}}